{"id":2,"date":"2018-10-20T20:23:03","date_gmt":"2018-10-20T18:23:03","guid":{"rendered":"http:\/\/www.iicrai.org\/?page_id=2"},"modified":"2020-11-12T23:52:27","modified_gmt":"2020-11-12T22:52:27","slug":"page-d-exemple","status":"publish","type":"page","link":"https:\/\/www.iicrai.org\/fr\/","title":{"rendered":"Accueil"},"content":{"rendered":"<p>L\u2019Institut international de la coop\u00e9ration sur les risques li\u00e9s aux attaques informatiques (I.I.C.R.A.I) est une association \u00e0 but non lucratif\u00a0 dans le domaine de la cyber s\u00e9curit\u00e9.<\/p>\n<p>Notre mission est de partager avec nos membres sur les risques li\u00e9s \u00e0 la\u00a0 <strong>Cyber S\u00e9curit\u00e9<\/strong> .<br \/>\nLes membres de l&rsquo;association disposent d&rsquo;une plateforme de r\u00e9ponse \u00e0 incident selon le risque Cyber.<\/p>\n<hr \/>\n<h2><strong>D\u00e9clarer un signalement<\/strong><\/h2>\n<div class=\"caldera-grid\" id=\"caldera_form_1\" data-cf-ver=\"1.9.5\" data-cf-form-id=\"CF5cfe47fd71045\"><div id=\"caldera_notices_1\" data-spinner=\"https:\/\/www.iicrai.org\/wp-admin\/images\/spinner.gif\"><\/div><form data-instance=\"1\" class=\"CF5cfe47fd71045 caldera_forms_form cfajax-trigger\" method=\"POST\" enctype=\"multipart\/form-data\" id=\"CF5cfe47fd71045_1\" data-form-id=\"CF5cfe47fd71045\" aria-label=\"Signalement \" data-target=\"#caldera_notices_1\" data-template=\"#cfajax_CF5cfe47fd71045-tmpl\" data-cfajax=\"CF5cfe47fd71045\" data-load-element=\"_parent\" data-load-class=\"cf_processing\" data-post-disable=\"0\" data-action=\"cf_process_ajax_submit\" data-request=\"https:\/\/www.iicrai.org\/fr\/cf-api\/CF5cfe47fd71045\" data-hiderows=\"true\">\r\n<input type=\"hidden\" id=\"_cf_verify_CF5cfe47fd71045\" name=\"_cf_verify\" value=\"b0c6954b4a\"  data-nonce-time=\"1778704215\" \/><input type=\"hidden\" name=\"_wp_http_referer\" value=\"\/fr\/wp-json\/wp\/v2\/pages\/2\" \/><div id=\"cf2-CF5cfe47fd71045_1\"><\/div><input type=\"hidden\" name=\"_cf_frm_id\" value=\"CF5cfe47fd71045\">\r\n<input type=\"hidden\" name=\"_cf_frm_ct\" value=\"1\">\r\n<input type=\"hidden\" name=\"cfajax\" value=\"CF5cfe47fd71045\">\r\n<input type=\"hidden\" name=\"_cf_cr_pst\" value=\"2\">\r\n<div class=\"hide\" style=\"display:none; overflow:hidden;height:0;width:0;\">\r\n<label>Web Site<\/label><input type=\"text\" name=\"web_site\" value=\"\" autocomplete=\"off\">\r\n<\/div><div id=\"CF5cfe47fd71045_1-row-1\"  class=\"row  first_row\"><div  class=\"col-sm-12  single\"><div class=\"\"><h2>CSIRT IICRAI Incident Reporting System<\/h2>\n<p>The IICRAI CSIRT Incident Reporting System provides a secure web-enabled means of reporting computer security incidents to IICRAI. This system assists analysts in providing timely handling of your security incidents as well as the ability to conduct improved analysis. If you would like to report a computer security incident, please complete the following form. Please provide as much information as you can to answer the following questions to allow IICRAI CSIRT to understand your incident.<\/p>\n<hr>\n<\/div><\/div><\/div><div id=\"CF5cfe47fd71045_1-row-2\"  class=\"row \"><div  class=\"col-sm-12  single\"><div class=\"\"><p><B>MY CONTACT INFORMATION<\/B><\/p>\n<p>Please provide your contact information so that we are able to contact you should we need to follow-up. Your contact information is not required to submit a report using this form. However, incomplete contact information may limit CSIRT IICRAI's ability to process or act on your report.<\/p>\n<\/div><\/div><\/div><div id=\"CF5cfe47fd71045_1-row-3\"  class=\"row \"><div  class=\"col-sm-4  first_col\"><div data-field-wrapper=\"fld_8768091\" class=\"form-group\" id=\"fld_8768091_1-wrap\">\r\n\t<label id=\"fld_8768091Label\" for=\"fld_8768091_1\" class=\"control-label\">First Name <span aria-hidden=\"true\" role=\"presentation\" class=\"field_required\" style=\"color:#ee0000;\">*<\/span><\/label>\r\n\t<div class=\"\">\r\n\t\t<input   required type=\"text\" data-field=\"fld_8768091\" class=\" form-control\" id=\"fld_8768091_1\" name=\"fld_8768091\" value=\"\" data-type=\"text\" aria-required=\"true\"   aria-labelledby=\"fld_8768091Label\" >\t\t\t<\/div>\r\n<\/div>\r\n<\/div><div  class=\"col-sm-4 \"><div data-field-wrapper=\"fld_9970286\" class=\"form-group\" id=\"fld_9970286_1-wrap\">\r\n\t<label id=\"fld_9970286Label\" for=\"fld_9970286_1\" class=\"control-label\">Last Name <span aria-hidden=\"true\" role=\"presentation\" class=\"field_required\" style=\"color:#ee0000;\">*<\/span><\/label>\r\n\t<div class=\"\">\r\n\t\t<input   required type=\"text\" data-field=\"fld_9970286\" class=\" form-control\" id=\"fld_9970286_1\" name=\"fld_9970286\" value=\"\" data-type=\"text\" aria-required=\"true\"   aria-labelledby=\"fld_9970286Label\" >\t\t\t<\/div>\r\n<\/div>\r\n<\/div><div  class=\"col-sm-4  last_col\"><div data-field-wrapper=\"fld_6009157\" class=\"form-group\" id=\"fld_6009157_1-wrap\">\r\n\t<label id=\"fld_6009157Label\" for=\"fld_6009157_1\" class=\"control-label\">Email Address <span aria-hidden=\"true\" role=\"presentation\" class=\"field_required\" style=\"color:#ee0000;\">*<\/span><\/label>\r\n\t<div class=\"\">\r\n\t\t<input   required type=\"email\" data-field=\"fld_6009157\" class=\" form-control\" id=\"fld_6009157_1\" name=\"fld_6009157\" value=\"\" data-type=\"email\" aria-required=\"true\"   aria-labelledby=\"fld_6009157Label\" >\t\t\t<\/div>\r\n<\/div>\r\n<\/div><\/div><div id=\"CF5cfe47fd71045_1-row-4\"  class=\"row \"><div  class=\"col-sm-6  first_col\"><div data-field-wrapper=\"fld_5332725\" class=\"form-group\" id=\"fld_5332725_1-wrap\">\r\n\t<label id=\"fld_5332725Label\" for=\"fld_5332725_1\" class=\"control-label\">Telephone<\/label>\r\n\t<div class=\"\">\r\n\t\t<input  data-inputmask=\"'mask': '+(99) 999 999-9999'\"   type=\"phone\" data-field=\"fld_5332725\" class=\" form-control\" id=\"fld_5332725_1\" name=\"fld_5332725\" value=\"\" data-type=\"phone\"   aria-labelledby=\"fld_5332725Label\" >\t\t\t<\/div>\r\n<\/div>\r\n<\/div><div  class=\"col-sm-6  last_col\"><\/div><\/div><div id=\"CF5cfe47fd71045_1-row-5\"  class=\"row \"><div  class=\"col-sm-12  single\"><div data-field-wrapper=\"fld_12952\" class=\"form-group\" id=\"fld_12952_1-wrap\">\r\n\t<label id=\"fld_12952Label\" for=\"fld_12952_1\" class=\"control-label\">MY ORGANIZATION <span aria-hidden=\"true\" role=\"presentation\" class=\"field_required\" style=\"color:#ee0000;\">*<\/span><\/label>\r\n\t<div class=\"\">\r\n\t\t<select name=\"fld_12952\" value=\"\" data-field=\"fld_12952\" class=\"form-control\" id=\"fld_12952_1\"  required=\"required\"  aria-labelledby=\"fld_12952Label\" aria-describedby=\"fld_12952Caption\" >\n\t\t<option value=\"\"><\/option>\r\n\t\t\t\t\t<option value=\"IICRAI Member\"  data-calc-value=\"IICRAI Member\" >\n\t\t\t\t\t\tIICRAI Member\t\t\t\t\t<\/option>\n\t\t\t\t\t\t\t\t\t\t<option value=\"Nat CSIRT\/CERT\"  data-calc-value=\"Nat CSIRT\/CERT\" >\n\t\t\t\t\t\tNat CSIRT\/CERT\t\t\t\t\t<\/option>\n\t\t\t\t\t\t\t\t\t\t<option value=\"CSIRT\/CERT\"  data-calc-value=\"CSIRT\/CERT\" >\n\t\t\t\t\t\tCSIRT\/CERT\t\t\t\t\t<\/option>\n\t\t\t\t\t\t\t\t\t\t<option value=\"Others\"  data-calc-value=\"Others\" >\n\t\t\t\t\t\tOthers\t\t\t\t\t<\/option>\n\t\t\t\t\t\t\t<\/select>\n\t\t<span id=\"fld_12952Caption\" class=\"help-block\">Select One<\/span>\r\n\t<\/div>\r\n<\/div>\r\n<\/div><\/div><div id=\"CF5cfe47fd71045_1-row-6\"  class=\"row \"><div  class=\"col-sm-12  single\"><div class=\"\"><p><B>DATE AND TIME INFORMATION<\/B><\/p>\n<p>When, approximately, did the incident start?<\/p>\n<hr>\n<\/div><\/div><\/div><div id=\"CF5cfe47fd71045_1-row-7\"  class=\"row \"><div  class=\"col-sm-3  first_col\">\n<div data-field-wrapper=\"fld_509719\" class=\"form-group\" id=\"fld_509719_1-wrap\">\r\n\t<label id=\"fld_509719Label\" for=\"fld_509719_1\" class=\"control-label\">Date<\/label>\r\n\t<div class=\"\">\r\n\t\t<input  type=\"text\" data-provide=\"cfdatepicker\" name=\"fld_509719\" value=\"\" id=\"fld_509719_1\" data-field=\"fld_509719\" class=\"form-control cfdatepicker is-cfdatepicker\" data-date-format=\"yyyy-mm-dd\" data-date-start-view=\"month\"   aria-labelledby=\"fld_509719Label\"   \/>\n\t\t\t<\/div>\r\n<\/div>\r\n<\/div><div  class=\"col-sm-9  last_col\"><\/div><\/div><div id=\"CF5cfe47fd71045_1-row-8\"  class=\"row \"><div  class=\"col-sm-3  first_col\"><div data-field-wrapper=\"fld_7760579\" class=\"form-group\" id=\"fld_7760579_1-wrap\">\r\n\t<label id=\"fld_7760579Label\" for=\"fld_7760579_1\" class=\"control-label\">Time<\/label>\r\n\t<div class=\"\">\r\n\t\t<input    type=\"time\" data-field=\"fld_7760579\" class=\" form-control\" id=\"fld_7760579_1\" name=\"fld_7760579\" value=\"\" data-type=\"time\"   aria-labelledby=\"fld_7760579Label\" >\t\t\t<\/div>\r\n<\/div>\r\n<\/div><div  class=\"col-sm-9  last_col\"><\/div><\/div><div id=\"CF5cfe47fd71045_1-row-9\"  class=\"row \"><div  class=\"col-sm-12  single\"><div class=\"\"><p><b>When was this incident detected?<\/b><\/p>\n<\/div><\/div><\/div><div id=\"CF5cfe47fd71045_1-row-10\"  class=\"row \"><div  class=\"col-sm-3  first_col\"><div data-field-wrapper=\"fld_5757015\" class=\"form-group\" id=\"fld_5757015_1-wrap\">\r\n\t<label id=\"fld_5757015Label\" for=\"fld_5757015_1\" class=\"control-label\">Date<\/label>\r\n\t<div class=\"\">\r\n\t\t<input    type=\"text\" data-field=\"fld_5757015\" class=\" form-control\" id=\"fld_5757015_1\" name=\"fld_5757015\" value=\"\" data-type=\"text\"   aria-labelledby=\"fld_5757015Label\" >\t\t\t<\/div>\r\n<\/div>\r\n<\/div><div  class=\"col-sm-9  last_col\"><\/div><\/div><div id=\"CF5cfe47fd71045_1-row-11\"  class=\"row \"><div  class=\"col-sm-3  first_col\"><div data-field-wrapper=\"fld_8969811\" class=\"form-group\" id=\"fld_8969811_1-wrap\">\r\n\t<label id=\"fld_8969811Label\" for=\"fld_8969811_1\" class=\"control-label\">Time<\/label>\r\n\t<div class=\"\">\r\n\t\t<input    type=\"time\" data-field=\"fld_8969811\" class=\" form-control\" id=\"fld_8969811_1\" name=\"fld_8969811\" value=\"\" data-type=\"time\"   aria-labelledby=\"fld_8969811Label\" >\t\t\t<\/div>\r\n<\/div>\r\n<\/div><div  class=\"col-sm-9  last_col\"><\/div><\/div><div id=\"CF5cfe47fd71045_1-row-12\"  class=\"row \"><div  class=\"col-sm-12  single\"><hr id=\"fld_6868234_1\" class=\"\" style=\"width: 100%\" \/><\/div><\/div><div id=\"CF5cfe47fd71045_1-row-13\"  class=\"row \"><div  class=\"col-sm-12  single\"><div data-field-wrapper=\"fld_7683514\" class=\"form-group\" id=\"fld_7683514_1-wrap\">\r\n\t<label id=\"fld_7683514Label\" for=\"fld_7683514_1\" class=\"control-label\">INCIDENT DESCRIPTION <span aria-hidden=\"true\" role=\"presentation\" class=\"field_required\" style=\"color:#ee0000;\">*<\/span><\/label>\r\n\t<div class=\"\">\r\n\t\t<textarea name=\"fld_7683514\" value=\"\" data-field=\"fld_7683514\" class=\"form-control\" id=\"fld_7683514_1\" rows=\"7\"  required=\"required\"  aria-labelledby=\"fld_7683514Label\" aria-describedby=\"fld_7683514Caption\" ><\/textarea>\n\t\t<span id=\"fld_7683514Caption\" class=\"help-block\">Please enter a brief description of the incident<\/span>\r\n\t<\/div>\r\n<\/div>\r\n<\/div><\/div><div id=\"CF5cfe47fd71045_1-row-14\"  class=\"row \"><div  class=\"col-sm-12  single\"><hr id=\"fld_1623202_1\" class=\"\" style=\"width: 100%\" \/><\/div><\/div><div id=\"CF5cfe47fd71045_1-row-15\"  class=\"row \"><div  class=\"col-sm-12  single\"><div class=\"\"><p><B> IMPACT DETAILS <\/B><\/p>\n<p>Was the confidentiality, integrity, and\/or availability of your organization's information systems potentially compromised?<\/p>\n<\/div><\/div><\/div><div id=\"CF5cfe47fd71045_1-row-16\"  class=\"row \"><div  class=\"col-sm-6  first_col\"><div data-field-wrapper=\"fld_2665146\" class=\"form-group\" id=\"fld_2665146_1-wrap\">\r\n<label id=\"fld_2665146Label\" for=\"fld_2665146_1\" class=\"control-label\">Yes<\/label>\r\n<div class=\"\">\r\n\n\t<input type=\"radio\" id=\"fld_2665146_1\" data-field=\"fld_2665146\" class=\"field-config\" name=\"fld_2665146\" value=\"1\"  data-radio-field=\"fld_2665146_1 data-type=\"radio\" data-calc-value=\"0\" \/>\n\n<\/div>\r\n<\/div>\r\n<\/div><div  class=\"col-sm-6  last_col\"><div data-field-wrapper=\"fld_8571831\" class=\"form-group\" id=\"fld_8571831_1-wrap\">\r\n<label id=\"fld_8571831Label\" for=\"fld_8571831_1\" class=\"control-label\">No<\/label>\r\n<div class=\"\">\r\n\n\t<input type=\"radio\" id=\"fld_8571831_1\" data-field=\"fld_8571831\" class=\"field-config\" name=\"fld_8571831\" value=\"1\"  data-radio-field=\"fld_8571831_1 data-type=\"radio\" data-calc-value=\"0\" \/>\n\n<\/div>\r\n<\/div>\r\n<\/div><\/div><div id=\"CF5cfe47fd71045_1-row-17\"  class=\"row  last_row\"><div  class=\"col-sm-12  single\"><div data-field-wrapper=\"fld_7908577\" class=\"form-group\" id=\"fld_7908577_1-wrap\">\r\n<div class=\"\">\r\n\t<input  class=\"btn btn-primary\" type=\"submit\" name=\"fld_7908577\" id=\"fld_7908577_1\" value=\"Submit\" data-field=\"fld_7908577\"  >\n<\/div>\r\n<\/div>\r\n\t<input class=\"button_trigger_1\" type=\"hidden\" name=\"fld_7908577\" id=\"fld_7908577_1_btn\" value=\"\" data-field=\"fld_7908577\"  \/>\n<\/div><\/div><\/form>\r\n<\/div>\r\n\n","protected":false},"excerpt":{"rendered":"<p>L\u2019Institut international de la coop\u00e9ration sur les risques li\u00e9s aux attaques informatiques (I.I.C.R.A.I) est une association \u00e0 but non lucratif\u00a0 dans le domaine de la cyber s\u00e9curit\u00e9. Notre mission est de partager avec nos membres sur les risques li\u00e9s \u00e0&#8230;<\/p>\n","protected":false},"author":1,"featured_media":0,"parent":0,"menu_order":0,"comment_status":"closed","ping_status":"open","template":"","meta":{"footnotes":""},"class_list":["post-2","page","type-page","status-publish","hentry"],"_links":{"self":[{"href":"https:\/\/www.iicrai.org\/fr\/wp-json\/wp\/v2\/pages\/2","targetHints":{"allow":["GET"]}}],"collection":[{"href":"https:\/\/www.iicrai.org\/fr\/wp-json\/wp\/v2\/pages"}],"about":[{"href":"https:\/\/www.iicrai.org\/fr\/wp-json\/wp\/v2\/types\/page"}],"author":[{"embeddable":true,"href":"https:\/\/www.iicrai.org\/fr\/wp-json\/wp\/v2\/users\/1"}],"replies":[{"embeddable":true,"href":"https:\/\/www.iicrai.org\/fr\/wp-json\/wp\/v2\/comments?post=2"}],"version-history":[{"count":20,"href":"https:\/\/www.iicrai.org\/fr\/wp-json\/wp\/v2\/pages\/2\/revisions"}],"predecessor-version":[{"id":439,"href":"https:\/\/www.iicrai.org\/fr\/wp-json\/wp\/v2\/pages\/2\/revisions\/439"}],"wp:attachment":[{"href":"https:\/\/www.iicrai.org\/fr\/wp-json\/wp\/v2\/media?parent=2"}],"curies":[{"name":"wp","href":"https:\/\/api.w.org\/{rel}","templated":true}]}}