{"id":62,"date":"2018-10-27T13:20:36","date_gmt":"2018-10-27T11:20:36","guid":{"rendered":"http:\/\/www.iicrai.org\/en\/?page_id=62"},"modified":"2019-06-09T18:39:54","modified_gmt":"2019-06-09T16:39:54","slug":"community-services","status":"publish","type":"page","link":"https:\/\/www.iicrai.org\/fr\/community-services\/","title":{"rendered":"Services Communautaires"},"content":{"rendered":"<p>Le CSIRT de l&rsquo;IICRAI propose des services d\u2019expertise technique sur les domaines relevant de la cybercriminalit\u00e9 :<\/p>\n<ul>\n<li>Investigations dans le cadre de la r\u00e9ponse \u00e0 incidents : analyse de phishing, analyse de malwares, fuite de donn\u00e9es et analyse forensique ;<\/li>\n<\/ul>\n<p>&nbsp;<\/p>\n<ul>\n<li>Surveillance pour pr\u00e9venir la menace : Surveillance et anticipation des attaques de phishing et de malwares, Surveillance des noms de domaine\u00a0 des membres de l&rsquo;Association IICRAI, surveillance de la r\u00e9putation des IP des membres,\u00a0 veille sur les vuln\u00e9rabilit\u00e9s et les attaques g\u00e9n\u00e9riques ou cibl\u00e9es sur les membres de l&rsquo;Association ;<\/li>\n<\/ul>\n<p>&nbsp;<\/p>\n<ul>\n<li>Communication visant \u00e0 renforcer le syst\u00e8me de d\u00e9fense : Pr\u00e9conisations techniques, bonnes pratiques ; Conseil pour les notifications obligatoires d\u2019incidents de s\u00e9curit\u00e9 aux autorit\u00e9s et organismes officiels, Conseil pour la communication externe aux membres de l&rsquo;Association sur les menaces.<\/li>\n<\/ul>\n","protected":false},"excerpt":{"rendered":"<p>Le CSIRT de l&rsquo;IICRAI propose des services d\u2019expertise technique sur les domaines relevant de la cybercriminalit\u00e9 : Investigations dans le cadre de la r\u00e9ponse \u00e0 incidents : analyse de phishing, analyse de malwares, fuite de donn\u00e9es et analyse forensique ;&#8230;<\/p>\n","protected":false},"author":1,"featured_media":0,"parent":0,"menu_order":0,"comment_status":"closed","ping_status":"closed","template":"","meta":{"footnotes":""},"class_list":["post-62","page","type-page","status-publish","hentry"],"_links":{"self":[{"href":"https:\/\/www.iicrai.org\/fr\/wp-json\/wp\/v2\/pages\/62","targetHints":{"allow":["GET"]}}],"collection":[{"href":"https:\/\/www.iicrai.org\/fr\/wp-json\/wp\/v2\/pages"}],"about":[{"href":"https:\/\/www.iicrai.org\/fr\/wp-json\/wp\/v2\/types\/page"}],"author":[{"embeddable":true,"href":"https:\/\/www.iicrai.org\/fr\/wp-json\/wp\/v2\/users\/1"}],"replies":[{"embeddable":true,"href":"https:\/\/www.iicrai.org\/fr\/wp-json\/wp\/v2\/comments?post=62"}],"version-history":[{"count":5,"href":"https:\/\/www.iicrai.org\/fr\/wp-json\/wp\/v2\/pages\/62\/revisions"}],"predecessor-version":[{"id":278,"href":"https:\/\/www.iicrai.org\/fr\/wp-json\/wp\/v2\/pages\/62\/revisions\/278"}],"wp:attachment":[{"href":"https:\/\/www.iicrai.org\/fr\/wp-json\/wp\/v2\/media?parent=62"}],"curies":[{"name":"wp","href":"https:\/\/api.w.org\/{rel}","templated":true}]}}