{"id":87,"date":"2018-10-27T13:35:49","date_gmt":"2018-10-27T11:35:49","guid":{"rendered":"http:\/\/www.iicrai.org\/en\/?page_id=87"},"modified":"2018-10-27T18:02:06","modified_gmt":"2018-10-27T16:02:06","slug":"a-propos-de-liicrai","status":"publish","type":"page","link":"https:\/\/www.iicrai.org\/fr\/a-propos-de-liicrai\/","title":{"rendered":"A propos"},"content":{"rendered":"<p>L&rsquo;IICRAI est une association \u00e0 but non lucratif (loi de 1901) \u00e9xistant depuis 2014 qui regroupe <strong>des adh\u00e9rents ayant \u00e0 coeur la s\u00e9curit\u00e9 des syst\u00e8mes d&rsquo;informatiques face au Cybercrime.<\/strong><\/p>\n<p>Les premi\u00e8rs travaux de recherche sur la menace avec l&rsquo;IICRAI ont \u00e9t\u00e9 cr\u00e9\u00e9s ant\u00e9rieurement en 2004.<\/p>\n<p>L&rsquo;IICRAI permet \u00e0 ses adh\u00e9rents <strong>de surveiller leurs infrastructures publiques<\/strong> via des outils mis \u00e0 disposition par celle-ci. <strong>Une \u00e9quipe de r\u00e9ponse \u00e0 incident s&rsquo;est form\u00e9 pour apporter son soutien aux membres de l&rsquo;association<\/strong> lors d&rsquo;un signalement de s\u00e9curit\u00e9 sur leur infrastructure informatique.<\/p>\n<p>Le CSIRT (Computer Security Response Team) de l&rsquo;IICRAI suit <strong>le RFC-2350 ainsi que la m\u00e9thode SIM3<\/strong> pour \u00e9valuer en permanence son niveau de maturit\u00e9 et de bonnes pratiques dans le domaine de la R\u00e9ponse \u00e0 Incident.<\/p>\n<p>Les membres \u00e0 jour de leur cotisation b\u00e9n\u00e9ficie de <strong>l&rsquo;ensemble des services communautaires<\/strong> de l&rsquo;IICRAI.<\/p>\n","protected":false},"excerpt":{"rendered":"<p>L&rsquo;IICRAI est une association \u00e0 but non lucratif (loi de 1901) \u00e9xistant depuis 2014 qui regroupe des adh\u00e9rents ayant \u00e0 coeur la s\u00e9curit\u00e9 des syst\u00e8mes d&rsquo;informatiques face au Cybercrime. Les premi\u00e8rs travaux de recherche sur la menace avec l&rsquo;IICRAI ont&#8230;<\/p>\n","protected":false},"author":1,"featured_media":0,"parent":0,"menu_order":0,"comment_status":"closed","ping_status":"closed","template":"","meta":{"footnotes":""},"class_list":["post-87","page","type-page","status-publish","hentry"],"_links":{"self":[{"href":"https:\/\/www.iicrai.org\/fr\/wp-json\/wp\/v2\/pages\/87","targetHints":{"allow":["GET"]}}],"collection":[{"href":"https:\/\/www.iicrai.org\/fr\/wp-json\/wp\/v2\/pages"}],"about":[{"href":"https:\/\/www.iicrai.org\/fr\/wp-json\/wp\/v2\/types\/page"}],"author":[{"embeddable":true,"href":"https:\/\/www.iicrai.org\/fr\/wp-json\/wp\/v2\/users\/1"}],"replies":[{"embeddable":true,"href":"https:\/\/www.iicrai.org\/fr\/wp-json\/wp\/v2\/comments?post=87"}],"version-history":[{"count":21,"href":"https:\/\/www.iicrai.org\/fr\/wp-json\/wp\/v2\/pages\/87\/revisions"}],"predecessor-version":[{"id":150,"href":"https:\/\/www.iicrai.org\/fr\/wp-json\/wp\/v2\/pages\/87\/revisions\/150"}],"wp:attachment":[{"href":"https:\/\/www.iicrai.org\/fr\/wp-json\/wp\/v2\/media?parent=87"}],"curies":[{"name":"wp","href":"https:\/\/api.w.org\/{rel}","templated":true}]}}